{"id":665,"date":"2016-04-04T16:24:34","date_gmt":"2016-04-04T15:24:34","guid":{"rendered":"http:\/\/ricoh-open.nl\/en\/?page_id=665"},"modified":"2025-10-08T14:02:18","modified_gmt":"2025-10-08T12:02:18","slug":"history","status":"publish","type":"page","link":"https:\/\/libema-open.nl\/en\/history\/","title":{"rendered":"History"},"content":{"rendered":"<p class=\"p1\"><span style=\"font-weight: 400;\">The Lib\u00e9ma Open is an international tennis tournament which is held in Rosmalen, near \u2018s-Hertogenbosch. The competitions of the gentlemen, ladies and doubles tournament are played on the outdoor courts of the Autotron &#8216;s-Hertogenbosch. <\/span><\/p>                <div class=\"row \">                <div class=\"columns medium-6\"><\/p><p><span style=\"font-weight: 400;\">Annually the tournament attracts top tennis players and visitors from home and abroad. In the past Lleyton Hewitt, Richard Krajicek, Sjeng Schalken, Tim van Rijthoven, Tallon Griekspoor, Kim Clijsters, Justine Henin and Michaella Krajicek won the international tournament in &#8216;s-Hertogenbosch. Currently the gentlemen singles tournament is part of the ATP World Tour 250 and the ladies tournament is part of the WTA 250-Series.<\/span><\/p><p><span style=\"font-weight: 400;\">The first edition of the grass court tournament in Rosmalen took place in 1989 and was considered a test event with eight international players. Miloslav Me\u010d\u00ed\u0159, gold medal winner of the 1988 Olympic Games, won on the grass courts of the Autotron &#8216;s-Hertogenbosch. A year later, in 1990, the tournament was part of the newly established ATP Tour and the tournament was won by Amos Mansdorf. At that time Lib\u00e9ma Open was the only grass court tournament on the European mainland. <\/span><\/p><p><\/div>                <div class=\"columns medium-6\"><\/p><p><span style=\"font-weight: 400;\">In 1996 the ladies single and double competitions were added to the tournament. Anke Huber was the first winner, and Hlasek\/Stich (gentlemen) and Neiland\/Schultz (ladies) won the doubles competitions. <\/span><\/p><p><span style=\"font-weight: 400;\">Up to and including 2014 the tournament was organized one week before Wimbledon and was reckoned as preparation tournament for Wimbledon. From 2015 Lib\u00e9ma Open is organized one week after Roland Garros and is still seen as an ideal preparation for Wimbledon, the world\u2019s largest and leading grass court tournament. <\/span><\/p><p><span style=\"font-weight: 400;\">In the past the event was called Heineken Trophy, Ordina Open, UNICEF Open, Topshelf Open and RICOH Open. From 2018 the tournament is called Lib\u00e9ma Open. <\/span><\/p><p><\/div><\/div><h2><span style=\"font-weight: 400;\">Complete winner&#8217;s list<\/span><\/h2>                <div class=\"row \">                <div class=\"columns medium-3\"><\/p><h3>Gentlemen<\/h3><p>1990 Amos Mansdorf<br \/>1991 Christian Saceanu<br \/>1992 Michael Stich<br \/>1993 Arnaud Boetsch<br \/>1994 Richard Krajicek<br \/>1995 Karol Kucera<br \/>1996 Richey Reneberg<br \/>1997 Richard Krajicek<br \/>1998 Patrick Rafter<br \/>1999 Patrick Rafter<br \/>2000 Patrick Rafter<br \/>2001 Lleyton Hewitt<br \/>2002 Sjeng Schalken<br \/>2003 Sjeng Schalken<br \/>2004 Michael Llodra<br \/>2005 Mario Ancic<br \/>2006 Mario Ancic<br \/>2007 Ivan Ljubicic<br \/>2008 David Ferrer<br \/>2009 Benjamin Becker<br \/>2010 Sergiy Stakhovsky<br \/>2011 Dmitry Tursunov<br \/>2012 David Ferrer<br \/>2013 Nicolas Mahut<br \/>2014 Roberto Bautista-Agut<br \/>2015 Nicolas Mahut<br \/>2016 Nicolas Mahut<br \/>2017 Gilles Muller<br \/>2018 Richard Gasquet<br \/>2019 Adrian Mannarino<br \/>2022 Tim van Rijthoven<br \/>2023 Tallon Griekspoor<br \/>2024 Alex de Minaur<br \/>2025 Gabriel Diallo<br \/><\/div>                <div class=\"columns medium-3\"><\/p><h3>Ladies<\/h3><p>1996 Anke Huber<br \/>1997 Ruxandra Dragomir<br \/>1998 Julie Halard &#8211; Decugis<br \/>1999 Kristina Brandi<br \/>2000 Martina Hingis<br \/>2001 Justine Henin<br \/>2002 Eleni Daniilidou<br \/>2003 Kim Clijsters<br \/>2004 Mary Pierce<br \/>2005 Klara Koukalova<br \/>2006 Micha\u00eblla Krajicek<br \/>2007 Anna Chakvetadze<br \/>2008 Tamarine Tanasugarn<br \/>2009 Tamarine Tanasugarn<br \/>2010 Justine Henin<br \/>2011 Roberta Vinci<br \/>2012 Nadia Petrova<br \/>2013 Simona Halep<br \/>2014 Coco Vandeweghe<br \/>2015 Camila Giorgi<br \/>2016 CoCo Vandeweghe<br \/>2017 Anett Kontaveit<br \/>2018 Aleksandra Krunic<br \/>2019 Alison Riske<br \/>2022 Ekaterina Alexandrova<br \/>2023 Ekaterina Alexandrova<br \/>2024 Liudmila Samsonova<br \/>2025 Elise Mertens<br \/><\/div>                <div class=\"columns medium-3\"><\/p><h3>Gentlemen\u00a0doubles<\/h3><p>1990 Hlasek\/Stich<br \/>1991 Davids\/Haarhuis<br \/>1992 Grabb\/Reneberg<br \/>1993 McEnroe\/Stark<br \/>1994 Noteboom\/Wibier<br \/>1995 Krajicek\/Siemerink<br \/>1996 Kilderry\/Vizner<br \/>1997 Elthingh\/Haarhuis<br \/>1998 Raoux\/Siemerink<br \/>1999 Ferreira\/Riki<br \/>2000 Damm\/Suk<br \/>2001 Haarhuis\/Schalken<br \/>2002 Damm\/Suk<br \/>2003 Damm\/Suk<br \/>2004 Damm\/Suk<br \/>2005 Suk\/Vizner<br \/>2006 Damm\/Paes<br \/>2007 Coetzee\/Wassen<br \/>2008 Ancic\/Melzer<br \/>2009 Moodie\/Norman<br \/>2010 Lindstedt\/Tecau<br \/>2011 Bracciali \/ Cermak<br \/>2012 Lindstedt\/Tecau<br \/>2013 Mirny\/Tec\u0103u<br \/>2014 Rojer\/Tec\u0103u<br \/>2015 Karlovic\/Kubot<br \/>2016 Pavic\/Venus<br \/>2017 Melo\/Kubot<br \/>2018 Inglot\/Skugor<br \/>2019 Inglot\/Krajicek<br \/>2022 Koolhof\/Skupski<br \/>2023 Koolhof\/Skupski<br \/>2024 Lammons\/Withrow<br \/>2025 Ebden\/Thompson<br \/><\/div>                <div class=\"columns medium-3\"><\/p><h3>Ladies\u00a0doubles<\/h3><p>1996 Neiland\/Schultz<br \/>1997 Melicharova\/Vildova<br \/>1998 Appelmans\/Oremans<br \/>1999 Farina\/Grande<br \/>2000 De Lone\/Pratt<br \/>2001 Dragomir\/Petrova<br \/>2002 Barclay\/Muller<br \/>2003 Dementieva\/Krasnoroutskaya<br \/>2004 McShea\/Sequera<br \/>2005 Medina Garrigues\/Safina<br \/>2006 Yen\/Zheng<br \/>2007 Chan\/Chuang<br \/>2008 Erakovic\/Krajicek<br \/>2009 Errani\/Pennetta<br \/>2010 Kudryavtseva\/Rodionov<br \/>2011 Zahlavova Strycova \/ Zakopalova<br \/>2012 Vinci\/Errani<br \/>2013 Begu\/Medina Garrigues<br \/>2014 Erakovic\/Parra Santonja<br \/>2015 Muhammad\/Siegemund<br \/>2016 Shvedova\/Kalashnikova<br \/>2017 Cibulkova\/Flipkens<br \/>2018 Schuurs\/Mertens<br \/>2019 Aoyama\/Krunic<br \/>2022 Perez\/Zidansek<br \/>2023 Aoyama\/Shibahara<br \/>2024 Neel\/Schoofs<br \/>2025 Khromacheva\/Stollar<br \/><\/div><\/div>","protected":false},"excerpt":{"rendered":"<p>The Lib\u00e9ma Open is an international tennis tournament which is held in Rosmalen, near \u2018s-Hertogenbosch. The competitions of the gentlemen, ladies and doubles tournament are played on the outdoor courts of the Autotron &#8216;s-Hertogenbosch. Complete winner&#8217;s list<\/p>\n","protected":false},"author":1,"featured_media":0,"parent":0,"menu_order":0,"comment_status":"closed","ping_status":"closed","template":"","meta":{"_seopress_robots_primary_cat":"","_seopress_titles_title":"","_seopress_titles_desc":"","_seopress_robots_index":""},"_links":{"self":[{"href":"https:\/\/libema-open.nl\/en\/wp-json\/wp\/v2\/pages\/665\/"}],"collection":[{"href":"https:\/\/libema-open.nl\/en\/wp-json\/wp\/v2\/pages\/"}],"about":[{"href":"https:\/\/libema-open.nl\/en\/wp-json\/wp\/v2\/types\/page\/"}],"author":[{"embeddable":true,"href":"https:\/\/libema-open.nl\/en\/wp-json\/wp\/v2\/users\/1\/"}],"replies":[{"embeddable":true,"href":"https:\/\/libema-open.nl\/en\/wp-json\/wp\/v2\/comments\/?post=665"}],"version-history":[{"count":17,"href":"https:\/\/libema-open.nl\/en\/wp-json\/wp\/v2\/pages\/665\/revisions\/"}],"predecessor-version":[{"id":21116,"href":"https:\/\/libema-open.nl\/en\/wp-json\/wp\/v2\/pages\/665\/revisions\/21116\/"}],"wp:attachment":[{"href":"https:\/\/libema-open.nl\/en\/wp-json\/wp\/v2\/media\/?parent=665"}],"curies":[{"name":"wp","href":"https:\/\/api.w.org\/{rel}","templated":true}]}}