{"id":11441,"date":"2022-04-28T12:22:05","date_gmt":"2022-04-28T10:22:05","guid":{"rendered":"\/?page_id=11441"},"modified":"2022-04-28T12:22:05","modified_gmt":"2022-04-28T10:22:05","slug":"privacy-statement-libema-events","status":"publish","type":"page","link":"https:\/\/libema-open.nl\/en\/privacy-statement-libema-events\/","title":{"rendered":"Privacy Statement Lib\u00e9ma Events"},"content":{"rendered":"<p>Lib\u00e9ma Events B.V. (\u201c<strong>Lib\u00e9ma Events<\/strong>\u201d) is a subsidiary of Lib\u00e9ma Exploitatie B.V. (\u201c<strong>Lib\u00e9ma<\/strong>\u201d). Lib\u00e9ma and its affiliated companies, including Lib\u00e9ma Events, attach great importance to protecting the privacy of their (potential) customers and visitors to its parks, the website\u00a0<a href=\"http:\/\/www.libema.nl \/\">www.libema.nl<\/a>\u00a0and the other Lib\u00e9ma related websites (\u201c<strong>Websites<\/strong>\u201d). In order to carry out our activities properly, it is sometimes necessary to process your personal data. We always do this carefully and in accordance with the law and our internal privacy policy.<\/p><p>In this Privacy Statement we inform you about the processing of your personal data by Lib\u00e9ma. We describe why we process your data, how we do it and what rights you have in doing so (such as your right of access and the right to object to the processing of your data). Most of the personal data we collect and use is necessary to perform our agreement with you. In some cases, we also use your data for marketing purposes.<\/p><p>In this Privacy Statement you will find information on the following topics:<\/p><ol><li><strong>Who is responsible for processing your data?<\/strong><\/li><li><strong>When do we process your personal data?<\/strong><\/li><li><strong>Why do we process your personal data?<\/strong><\/li><li><strong>Why are we allowed to process your data?<\/strong><\/li><li><strong>How long do we keep your data? <\/strong><\/li><li><strong>What do we do with the data that we automatically collect when you visit the website (cookies)?<\/strong><\/li><li><strong>When and how do we use your data for sending newsletters and other commercial messages <\/strong><\/li><li><strong>What about recording phone calls?<\/strong><\/li><li><strong>What about the use of your data if you use a link on our website to a third party website?<\/strong><\/li><li><strong>Who has access to your data and to which third parties do we provide your data?<\/strong><\/li><li><strong>What rights do you have in connection with the use of your data?<\/strong><\/li><li><strong>How can you file a complaint about the use of your personal data?<\/strong><\/li><li><strong>How do we protect your data?<\/strong><\/li><li><strong>How can you contact us regarding the use of personal data?<\/strong><\/li><li><strong>What is our internal policy for the use of your personal data?<\/strong><\/li><li><strong>What if this Privacy Statement is changed?<\/strong><\/li><li><strong>How can you view your data?<\/strong><\/li><\/ol><ol><li><strong>Who is responsible for processing your data?<\/strong><\/li><\/ol><p>Lib\u00e9ma Exploitatie B.V. (\u201cLib\u00e9ma\u201d), located at Graafsebaan 133 in (5248NL) Rosmalen, is responsible for the processing of your personal data by all companies affiliated with Lib\u00e9ma. Lib\u00e9ma uses various systems for the processing of your personal data (such as office automation systems, administration systems and website hosting applications). The suppliers of these systems can therefore also process your personal data on behalf of Lib\u00e9ma. Lib\u00e9ma has made agreements with these parties so that there are sufficient guarantees for the careful processing of your personal data, in accordance with the law and Lib\u00e9ma&#8217;s internal privacy policy and this privacy statement.<\/p><p>For more information about these suppliers, please contact Lib\u00e9ma.<\/p><ol start=\"2\"><li><strong>When do we process your personal data?<\/strong><\/li><\/ol><p>Lib\u00e9ma records your data when selling its products and services (such as e-tickets), when providing its services and in the other cases that Lib\u00e9ma has contact with you. You can think of your name, your address, your e-mail address, your telephone number, your date of birth and your bank details. General visitor data is kept on the Websites without identifying visitors to the Websites.<\/p><ol start=\"3\"><li><strong>Why do we process your personal data?<\/strong><\/li><\/ol><p>Lib\u00e9ma mainly uses this data to provide our services to you and for service purposes. We also use the data to protect our property and employees.<\/p><p>The registration of data via the Websites is aimed at further optimizing the services of Lib\u00e9ma, among other things by adapting the layout of the Websites as much as possible to the needs of visitors and by placing more specific information on the Websites.<\/p><p>Lib\u00e9ma also uses personal data to gain insight into the preferences and interests of its (potential) customers and visitors to the Websites and to process bookings and e-tickets. Lib\u00e9ma also uses this data for its services and to keep its (potential) customers and visitors to the Websites informed about Lib\u00e9ma&#8217;s activities, products and services and to possibly conduct market research. In doing so, Lib\u00e9ma tries to take your interests into account. Data from its (potential) customers and visitors to the Websites also help Lib\u00e9ma to develop new services and products.<\/p><ol start=\"4\"><li><strong>Why are we allowed to process your data?<\/strong><\/li><\/ol><p>Lib\u00e9ma may use your personal data, because this is necessary for:<\/p><ul><li>the execution of the agreement with you, such as the use of your contact details and account number when you make a reservation with us;<\/li><li>compliance with a legal obligation resting on Lib\u00e9ma, such as providing invoices to the tax authorities or cooperating with a request from the competent authorities;<\/li><li>representing the legitimate interest of Lib\u00e9ma or third parties (insofar as this takes precedence over your privacy interest). That legitimate interest is the interest of Lib\u00e9ma to be able to offer its products and services to its relations as efficiently as possible;<\/li><\/ul><p>In some cases, Lib\u00e9ma may only process your data if you have given permission to do so, for example if we need to process data about your health if you use a certain attraction (such as the Climbing Park) or if we use photos on which you are recognisably depicted. You can revoke that consent at any time.<\/p><ol start=\"5\"><li><strong>How long do we keep your data? <\/strong><\/li><\/ol><p>Lib\u00e9ma does not store data for longer than is necessary for the performance of our activities, unless the data must be kept longer on the basis of a legal regulation. Most data will be deleted within two years after our business relationship with you has ended.<\/p><ol start=\"6\"><li><strong>What do we do with the data that we automatically collect when you visit the website (cookies)?<\/strong><\/li><\/ol><p>Lib\u00e9ma uses cookies when offering its services. This is a simple small file of data that is stored on your computer&#8217;s hard drive. Lib\u00e9ma uses both temporary cookies and special cookies. Temporary cookies do not contain any personal data and are only intended to make it easier for you to use the Websites. Special cookies are used to recognize you when you visit the Websites again. For example, they ensure that your settings are remembered, such as your name and date of birth.<br \/>More information about cookies can be found in Lib\u00e9ma&#8217;s \u00a0<a href=\"https:\/\/www.beeksebergen.nl\/cookielegislation\">Cookie Policy<\/a>.<\/p><ol start=\"7\"><li><strong>When and how do we use your data for sending newsletters and other commercial messages?<\/strong><\/li><\/ol><p>Lib\u00e9ma would like to keep its (potential) customers and visitors to the Websites informed about its products and services. When you subscribe to an electronic newsletter from Lib\u00e9ma, you give permission to Lib\u00e9ma to use your e-mail address to send that newsletter and other information from Lib\u00e9ma such as offers and surveys.<br \/>If you no longer wish to receive information by e-mail, you can unsubscribe via the link at the bottom of every electronic newsletter.<\/p><ol start=\"8\"><li><strong>What about recording phone calls?<\/strong><\/li><\/ol><p>Lib\u00e9ma reserves the right to record telephone conversations. She will only use these recordings for internal purposes (training). The recordings will not be redistributed or provided to third parties.<\/p><ol start=\"9\"><li><strong>What about the use of your data if you use a link on our website to a third party website?<\/strong><\/li><\/ol><p>On the Websites it is possible to click through to the websites of other companies, not affiliated with Lib\u00e9ma. Lib\u00e9ma is not responsible for the processing of personal data by these other companies. Lib\u00e9ma recommends that you carefully read the privacy policies of these companies because the terms and conditions stated on those websites may differ from Lib\u00e9ma&#8217;s privacy policies.<\/p><ol start=\"10\"><li><strong>Who has access to your data and to which third parties do we provide your data?<\/strong><\/li><\/ol><p>At Lib\u00e9ma, only authorized personnel have access to this data.<\/p><p>If partners of Lib\u00e9ma take care of (part of) the processing of personal data, Lib\u00e9ma has agreed with them that they will also optimally protect the personal data and Lib\u00e9ma only does this if these third parties only use the data in a way and for a purpose related to the purpose for which they obtained the data, and only in accordance with this privacy statement. Furthermore, the confidentiality obligations and security measures required by law always apply to prevent your personal data from being disclosed to other parties. In some cases, Lib\u00e9ma must also provide data to third parties on the basis of a legal obligation. We always look at how your right to privacy can be respected as much as possible. If your data is transferred outside of Europe, for example because a data center or our supplier is located there, this will only take place under the conditions set by law.<\/p><p>Lib\u00e9ma has made agreements with these parties so that there are sufficient guarantees for the careful processing of your personal data, in accordance with the law and Lib\u00e9ma&#8217;s internal privacy policy and this privacy statement.<\/p><ol start=\"11\"><li><strong>What rights do you have in connection with the use of your data?<\/strong><\/li><\/ol><p>You can object to the use of your personal data, for example if you believe that the use of your personal data is not necessary for the performance of Lib\u00e9ma&#8217;s activities or to comply with a legal obligation.<\/p><p>You have the right to inspect your personal data. This means that you can request which personal data has been registered about you and for what purposes that data is used. If you believe that Lib\u00e9ma has incorrect personal data about you, you can have this personal data corrected. You can request that the processing of your personal data be limited, including for the period necessary to assess your requests or objections.<\/p><p>You can request that your personal data be removed from the systems or that your personal data be transferred to a third party.<\/p><p>Your request will of course be met, unless Lib\u00e9ma has a compelling, legitimate interest not to delete the data, which outweighs your privacy interest. If the data has been deleted, not all copies of the data can be immediately deleted from the systems and backup systems for technical reasons. Data requests may be denied if they are made unreasonably frequently, require unreasonably heavy technical effort, or have unreasonably heavy technical impact on systems or endanger the privacy of others.<\/p><p>You can make your request or objection known by sending a message with your name, address and telephone number to privacy@libema.nl. You will receive an answer within a month.<\/p><ol start=\"12\"><li><strong>How can you file a complaint about the use of your personal data?<\/strong><\/li><\/ol><p>If you have a complaint about the use of your personal data by Lib\u00e9ma, you can contact us via the number 073-5282200 (on working days between 09:00 and 17:00) and by email: \u00a0<a href=\"mailto:privacy@libema .nl\">privacy@libema.nl<\/a><u>.<\/u><\/p><p>You can also submit a complaint about the use of personal data to the Dutch Data Protection Authority via <a href=\"https:\/\/autoriteitpersoonsgegevens.nl\/nl\/zelf-doen\/privacyrechten\/klacht-over- use-personal data?qa=klacht\"> https:\/\/autoriteitpersoonsgegevens.nl\/nl\/zelf-doen\/privacyrechten\/klacht-over- usage-personal data?qa=klacht<\/a>.<\/p><ol start=\"13\"><li><strong>How do we protect your data?<\/strong><\/li><\/ol><p>Lib\u00e9ma makes every effort to protect your personal data against unauthorized use as much as possible, by taking all reasonable, appropriate security measures to protect Lib\u00e9ma and our relations and employees against unauthorized access or alteration, disclosure or destruction of personal data. Lib\u00e9ma complies with the applicable security standards.<\/p><p>If, despite the security measures, there is a security incident that is likely to have an adverse effect on your privacy, you will be informed about the incident as soon as possible. You will therefore be informed about the measures we have taken to limit the consequences and prevent a recurrence in the future.<\/p><ol start=\"14\"><li><strong>How can you contact us regarding the use of personal data?<\/strong><\/li><\/ol><p>Do you have questions, comments or complaints about the protection of your personal data by Lib\u00e9ma? Then you can contact us:<\/p><p>By telephone on 073-5282200 \u00a0on working days between 09.00 and 17.00 and\/or by email: privacy@libema.nl.<\/p><ol start=\"15\"><li><strong>What is our internal policy for the use of your personal data?<\/strong><\/li><\/ol><p>The basic principles of our internal privacy policy are:<\/p><ul><li>we always tell you what we do with your data;<\/li><li>we only use the data for the purpose for which we collected it;<\/li><li>we do not collect, use and store more data than we need to fulfill the purpose for which we obtained the data;<\/li><li>we only collect, use and store data when there is no other way to achieve the same purpose;<\/li><li>the more privacy-sensitive the information about you, the less we use the data;<\/li><li>we only use the data insofar as there is a legal ground for doing so;<\/li><li>we take appropriate security measures against loss of or unauthorized access to personal data;<\/li><li>we have taken measures to facilitate the exercise of your rights (such as your right of access and correction).<\/li><\/ul><ol start=\"16\"><li><strong>What if this Privacy Statement is changed?<\/strong><\/li><\/ol><p>Lib\u00e9ma sometimes adjusts the privacy statement, for example if there are changes in the law. You will find the applicable version of the privacy statement on our Websites. If we make material changes, we will provide more prominent notice, for example via our website or by email.<\/p><ol start=\"17\"><li><strong> How can you view your data or have it changed? <\/strong><\/li><\/ol><p>If you want to view your data, have it corrected or object to the use of your data by Lib\u00e9ma, you can contact us by telephone or e-mail. Lib\u00e9ma will then send you an overview by e-mail with the data known and registered at Lib\u00e9ma at that time.<\/p>","protected":false},"excerpt":{"rendered":"<p>Lib\u00e9ma Events B.V. (\u201cLib\u00e9ma Events\u201d) is a subsidiary of Lib\u00e9ma Exploitatie B.V. (\u201cLib\u00e9ma\u201d). Lib\u00e9ma and its affiliated companies, including Lib\u00e9ma Events, attach great importance to protecting the privacy of their (potential) customers and visitors to its parks, the website\u00a0www.libema.nl\u00a0and the other Lib\u00e9ma related websites (\u201cWebsites\u201d). In order to carry out our activities properly, it is [&hellip;]<\/p>\n","protected":false},"author":4,"featured_media":0,"parent":0,"menu_order":0,"comment_status":"closed","ping_status":"closed","template":"","meta":{"_seopress_robots_primary_cat":"","_seopress_titles_title":"","_seopress_titles_desc":"","_seopress_robots_index":""},"_links":{"self":[{"href":"https:\/\/libema-open.nl\/en\/wp-json\/wp\/v2\/pages\/11441\/"}],"collection":[{"href":"https:\/\/libema-open.nl\/en\/wp-json\/wp\/v2\/pages\/"}],"about":[{"href":"https:\/\/libema-open.nl\/en\/wp-json\/wp\/v2\/types\/page\/"}],"author":[{"embeddable":true,"href":"https:\/\/libema-open.nl\/en\/wp-json\/wp\/v2\/users\/4\/"}],"replies":[{"embeddable":true,"href":"https:\/\/libema-open.nl\/en\/wp-json\/wp\/v2\/comments\/?post=11441"}],"version-history":[{"count":1,"href":"https:\/\/libema-open.nl\/en\/wp-json\/wp\/v2\/pages\/11441\/revisions\/"}],"predecessor-version":[{"id":11442,"href":"https:\/\/libema-open.nl\/en\/wp-json\/wp\/v2\/pages\/11441\/revisions\/11442\/"}],"wp:attachment":[{"href":"https:\/\/libema-open.nl\/en\/wp-json\/wp\/v2\/media\/?parent=11441"}],"curies":[{"name":"wp","href":"https:\/\/api.w.org\/{rel}","templated":true}]}}