{"id":11088,"date":"2020-06-08T10:04:25","date_gmt":"2020-06-08T08:04:25","guid":{"rendered":"http:\/\/libema-open.nl\/?page_id=11088"},"modified":"2020-06-14T21:33:32","modified_gmt":"2020-06-14T19:33:32","slug":"bracket-2020-participants-and-bracket","status":"publish","type":"page","link":"https:\/\/libema-open.nl\/en\/bracket-2020\/bracket-2020-participants-and-bracket\/","title":{"rendered":"Bracket 2020 participants and bracket"},"content":{"rendered":"<p>The players who will be placed in the bracket are:<\/p><table width=\"442\"><tbody><tr><td style=\"text-align: center;\" width=\"122\"><strong>Bracket position<\/strong><\/td><td width=\"162\"><strong>ATP<\/strong><\/td><td width=\"158\"><strong>WTA<\/strong><\/td><\/tr><tr><td style=\"text-align: center;\">1.<\/td><td>Patrick Rafter<\/td><td>Justine Henin<\/td><\/tr><tr><td style=\"text-align: center;\">2.<\/td><td>Lleyton Hewitt<\/td><td>Simona Halep<\/td><\/tr><tr><td style=\"text-align: center;\">3.<\/td><td>David Ferrer<\/td><td>Kim Clijsters<\/td><\/tr><tr><td style=\"text-align: center;\">4.<\/td><td>Ivan Ljubicic<\/td><td>Nadia Petrova<\/td><\/tr><tr><td style=\"text-align: center;\">5.<\/td><td>Richard Krajicek<\/td><td>Mary Pierce<\/td><\/tr><tr><td style=\"text-align: center;\">6.<\/td><td>Mario Ancic<\/td><td>Anna Chakvetadze<\/td><\/tr><tr><td style=\"text-align: center;\">7.<\/td><td>Richard Gasquet<\/td><td>Roberta Vinci<\/td><\/tr><tr><td style=\"text-align: center;\">8.<\/td><td>Roberto Bautista Agut<\/td><td>Coco Vandeweghe<\/td><\/tr><tr><td style=\"text-align: center;\">9.<\/td><td>Sjeng Schalken<\/td><td>Anett Kontaveit<\/td><\/tr><tr><td style=\"text-align: center;\">10.<\/td><td>Dmitry Tursunov<\/td><td>El\u00e9ni Daniil\u00eddou<\/td><\/tr><tr><td style=\"text-align: center;\">11.<\/td><td>Gilles Muller<\/td><td>Alison Riske<\/td><\/tr><tr><td style=\"text-align: center;\">12.<\/td><td>Micha\u00ebl Llodra<\/td><td>Tamarine Tanasugarn<\/td><\/tr><tr><td style=\"text-align: center;\">13.<\/td><td>Adrian Mannarino<\/td><td>Kl\u00e1ra Koukalov\u00e1<\/td><\/tr><tr><td style=\"text-align: center;\">14.<\/td><td>Sergiy Stakhovsky<\/td><td>Camila Giorgi<\/td><\/tr><tr><td style=\"text-align: center;\">15.<\/td><td>Benjamin Becker<\/td><td>Micha\u00eblla Krajicek<\/td><\/tr><tr><td style=\"text-align: center;\">16.<\/td><td>Nicolas Mahut<\/td><td>Aleksandra Krunic<\/td><\/tr><\/tbody><\/table><p><strong>ATP Bracket<\/strong><\/p><p><img loading=\"lazy\" class=\"alignnone wp-image-11231 size-large\" src=\"http:\/\/libema-open.nl\/wp-content\/uploads\/2020\/06\/Bracket-ATP-Kampioen-Krajicek-1024x536.png\" alt=\"\" width=\"1024\" height=\"536\" srcset=\"https:\/\/libema-open.nl\/wp-content\/uploads\/2020\/06\/Bracket-ATP-Kampioen-Krajicek-1024x536.png 1024w, https:\/\/libema-open.nl\/wp-content\/uploads\/2020\/06\/Bracket-ATP-Kampioen-Krajicek-300x157.png 300w, https:\/\/libema-open.nl\/wp-content\/uploads\/2020\/06\/Bracket-ATP-Kampioen-Krajicek-768x402.png 768w, https:\/\/libema-open.nl\/wp-content\/uploads\/2020\/06\/Bracket-ATP-Kampioen-Krajicek.png 1200w\" sizes=\"(max-width: 1024px) 100vw, 1024px\" \/><\/p><p><strong>WTA Bracket<\/strong><\/p><p><img loading=\"lazy\" class=\"alignnone wp-image-11233 size-large\" src=\"http:\/\/libema-open.nl\/wp-content\/uploads\/2020\/06\/Bracket-WTA-Kampioen-Clijsters-1024x536.png\" alt=\"\" width=\"1024\" height=\"536\" srcset=\"https:\/\/libema-open.nl\/wp-content\/uploads\/2020\/06\/Bracket-WTA-Kampioen-Clijsters-1024x536.png 1024w, https:\/\/libema-open.nl\/wp-content\/uploads\/2020\/06\/Bracket-WTA-Kampioen-Clijsters-300x157.png 300w, https:\/\/libema-open.nl\/wp-content\/uploads\/2020\/06\/Bracket-WTA-Kampioen-Clijsters-768x402.png 768w, https:\/\/libema-open.nl\/wp-content\/uploads\/2020\/06\/Bracket-WTA-Kampioen-Clijsters.png 1200w\" sizes=\"(max-width: 1024px) 100vw, 1024px\" \/><\/p>","protected":false},"excerpt":{"rendered":"<p>The players who will be placed in the bracket are:Bracket positionATPWTA1.Patrick RafterJustine Henin2.Lleyton HewittSimona Halep3.David FerrerKim Clijsters4.Ivan LjubicicNadia Petrova5.Richard KrajicekMary Pierce6.Mario AncicAnna Chakvetadze7.Richard GasquetRoberta Vinci8.Roberto Bautista AgutCoco Vandeweghe9.Sjeng SchalkenAnett Kontaveit10.Dmitry TursunovEl\u00e9ni Daniil\u00eddou11.Gilles MullerAlison Riske12.Micha\u00ebl LlodraTamarine Tanasugarn13.Adrian MannarinoKl\u00e1ra Koukalov\u00e114.Sergiy StakhovskyCamila Giorgi15.Benjamin BeckerMicha\u00eblla Krajicek16.Nicolas MahutAleksandra KrunicATP BracketWTA Bracket<\/p>\n","protected":false},"author":12,"featured_media":0,"parent":10977,"menu_order":0,"comment_status":"closed","ping_status":"closed","template":"","meta":{"_seopress_robots_primary_cat":"","_seopress_titles_title":"","_seopress_titles_desc":"","_seopress_robots_index":""},"_links":{"self":[{"href":"https:\/\/libema-open.nl\/en\/wp-json\/wp\/v2\/pages\/11088\/"}],"collection":[{"href":"https:\/\/libema-open.nl\/en\/wp-json\/wp\/v2\/pages\/"}],"about":[{"href":"https:\/\/libema-open.nl\/en\/wp-json\/wp\/v2\/types\/page\/"}],"author":[{"embeddable":true,"href":"https:\/\/libema-open.nl\/en\/wp-json\/wp\/v2\/users\/12\/"}],"replies":[{"embeddable":true,"href":"https:\/\/libema-open.nl\/en\/wp-json\/wp\/v2\/comments\/?post=11088"}],"version-history":[{"count":9,"href":"https:\/\/libema-open.nl\/en\/wp-json\/wp\/v2\/pages\/11088\/revisions\/"}],"predecessor-version":[{"id":11236,"href":"https:\/\/libema-open.nl\/en\/wp-json\/wp\/v2\/pages\/11088\/revisions\/11236\/"}],"up":[{"embeddable":true,"href":"https:\/\/libema-open.nl\/en\/wp-json\/wp\/v2\/pages\/10977\/"}],"wp:attachment":[{"href":"https:\/\/libema-open.nl\/en\/wp-json\/wp\/v2\/media\/?parent=11088"}],"curies":[{"name":"wp","href":"https:\/\/api.w.org\/{rel}","templated":true}]}}